{"id":446,"date":"2017-07-14T16:45:14","date_gmt":"2017-07-14T16:45:14","guid":{"rendered":"http:\/\/pendli.hu\/wp\/?page_id=446"},"modified":"2017-11-28T18:27:09","modified_gmt":"2017-11-28T16:27:09","slug":"kozbeszerzes","status":"publish","type":"page","link":"http:\/\/pendli.hu\/wp\/kozbeszerzes\/","title":{"rendered":"K\u00f6zbeszerz\u00e9s"},"content":{"rendered":"<p><a href=\"http:\/\/pendli.hu\/wp\/eredmenyes-kozbeszerzes\/\">Eredm\u00e9nyes k\u00f6zbeszerz\u00e9s<\/a><\/p>\n","protected":false},"excerpt":{"rendered":"<p>Eredm\u00e9nyes k\u00f6zbeszerz\u00e9s<\/p>\n","protected":false},"author":1,"featured_media":0,"parent":0,"menu_order":0,"comment_status":"closed","ping_status":"closed","template":"","meta":{"jetpack_post_was_ever_published":false,"footnotes":""},"class_list":["post-446","page","type-page","status-publish","hentry"],"jetpack_sharing_enabled":true,"jetpack_shortlink":"https:\/\/wp.me\/P8NBkN-7c","_links":{"self":[{"href":"http:\/\/pendli.hu\/wp\/wp-json\/wp\/v2\/pages\/446","targetHints":{"allow":["GET"]}}],"collection":[{"href":"http:\/\/pendli.hu\/wp\/wp-json\/wp\/v2\/pages"}],"about":[{"href":"http:\/\/pendli.hu\/wp\/wp-json\/wp\/v2\/types\/page"}],"author":[{"embeddable":true,"href":"http:\/\/pendli.hu\/wp\/wp-json\/wp\/v2\/users\/1"}],"replies":[{"embeddable":true,"href":"http:\/\/pendli.hu\/wp\/wp-json\/wp\/v2\/comments?post=446"}],"version-history":[{"count":9,"href":"http:\/\/pendli.hu\/wp\/wp-json\/wp\/v2\/pages\/446\/revisions"}],"predecessor-version":[{"id":494,"href":"http:\/\/pendli.hu\/wp\/wp-json\/wp\/v2\/pages\/446\/revisions\/494"}],"wp:attachment":[{"href":"http:\/\/pendli.hu\/wp\/wp-json\/wp\/v2\/media?parent=446"}],"curies":[{"name":"wp","href":"https:\/\/api.w.org\/{rel}","templated":true}]}}